{"id":70,"date":"2018-10-10T13:32:35","date_gmt":"2018-10-10T11:32:35","guid":{"rendered":"http:\/\/taurustrans.cz\/?page_id=70"},"modified":"2020-09-25T13:37:56","modified_gmt":"2020-09-25T11:37:56","slug":"o-nas","status":"publish","type":"page","link":"https:\/\/taurustrans.cz\/es\/o-nas\/","title":{"rendered":"Historia"},"content":{"rendered":"<p><\/p>\n<h2>Historia de la empresa<\/h2>\n<p>Nuestra empresa TAURUS TRANS fue fundada en 1997 con las principales actividades de la expedici\u00f3n de la carga internacional .Un a\u00f1o m\u00e1s tarde, la actividad se increment\u00f3 a trav\u00e9s del transporte internacional con la compra de los primeros veh\u00edculos. Gracias a la atenci\u00f3n de las actividades de negocio de nuestros clientes, desde el principio nos enfocamos en los env\u00edos a Espa\u00f1a y Portugal y no solo con camiones completos sino tambi\u00e9n con los env\u00edos de mercanc\u00eda consolidada.<\/p>\n<p>Debido a nuestro servicio de alta calidad, rapidez y confianza hemos ganado la confianza de muchos de nuestros socios y colaboradores. Para la extensi\u00f3n de nuestros servicios log\u00edsticos y almacenamiento fue construido en 2010 un nuevo almac\u00e9n al mismo tiempo adquirimos una antigua carpinter\u00eda. Una vez realizados los cambios ahora mismo disponemos de un almac\u00e9n y alojamiento. En 2014 se compr\u00f3 un edificio adjunto donde se encuentran las oficinas de la empresa y otros espacios de almacenamiento.<\/p>\n<p>Participamos en diferentes eventos deportivos y sociales como por ejemplo carreras de motocross en Horni Ujezd, desfiles de moda, conciertos y actuaciones de ni\u00f1os as\u00ed como contribuimos en diversas actividades de las organizaciones locales-guarder\u00edas, equipos de futbol, bomberos. Tambi\u00e9n apoyamos proyectos de caritas.<\/p>\n<p>Estamos dispuestos a proporcionarle nuestros servicios diariamente incluso fuera de horario.<\/p>","protected":false},"excerpt":{"rendered":"<p>Historia de la empresa Nuestra empresa TAURUS TRANS fue fundada en 1997 con las principales actividades de la expedici\u00f3n de la carga internacional .Un a\u00f1o m\u00e1s tarde, la actividad se increment\u00f3 a trav\u00e9s del transporte internacional con la compra de los primeros veh\u00edculos. Gracias a la atenci\u00f3n de las actividades de negocio de nuestros clientes, [&hellip;]<\/p>\n","protected":false},"author":1,"featured_media":0,"parent":0,"menu_order":0,"comment_status":"closed","ping_status":"closed","template":"","meta":[],"acf":[],"_links":{"self":[{"href":"https:\/\/taurustrans.cz\/es\/wp-json\/wp\/v2\/pages\/70"}],"collection":[{"href":"https:\/\/taurustrans.cz\/es\/wp-json\/wp\/v2\/pages"}],"about":[{"href":"https:\/\/taurustrans.cz\/es\/wp-json\/wp\/v2\/types\/page"}],"author":[{"embeddable":true,"href":"https:\/\/taurustrans.cz\/es\/wp-json\/wp\/v2\/users\/1"}],"replies":[{"embeddable":true,"href":"https:\/\/taurustrans.cz\/es\/wp-json\/wp\/v2\/comments?post=70"}],"version-history":[{"count":17,"href":"https:\/\/taurustrans.cz\/es\/wp-json\/wp\/v2\/pages\/70\/revisions"}],"predecessor-version":[{"id":285,"href":"https:\/\/taurustrans.cz\/es\/wp-json\/wp\/v2\/pages\/70\/revisions\/285"}],"wp:attachment":[{"href":"https:\/\/taurustrans.cz\/es\/wp-json\/wp\/v2\/media?parent=70"}],"curies":[{"name":"wp","href":"https:\/\/api.w.org\/{rel}","templated":true}]}}