{"id":320,"date":"2021-12-30T18:14:42","date_gmt":"2021-12-30T17:14:42","guid":{"rendered":"https:\/\/taurustrans.cz\/?page_id=320"},"modified":"2022-01-18T10:09:45","modified_gmt":"2022-01-18T09:09:45","slug":"cookies","status":"publish","type":"page","link":"https:\/\/taurustrans.cz\/es\/cookies\/","title":{"rendered":"(\u010ce\u0161tina) Cookies"},"content":{"rendered":"<p>TAURUS TRANS CZ sro, I\u010cO: 5813123, con domicilio social en Doln\u00ed \u00dajezd \u200b\u200b\u200b\u200b648, 569 61 Doln\u00ed \u00dajezd \u200b\u200b\u200b\u200b(en adelante, el \u00abAdministrador\u00bb) utiliza cookies (y tecnolog\u00edas similares) para adaptar mejor su sitio web a los clientes y facilitar su uso.El Administrador y terceros pueden recopilar informaci\u00f3n sobre usted y monitorear su comportamiento de navegaci\u00f3n tanto en nuestro sitio web como en otros sitios web. Con base en esta informaci\u00f3n, podemos adaptar nuestro sitio, nuestra comunicaci\u00f3n y nuestros anuncios a sus intereses y perfil. Adem\u00e1s, estas cookies le permiten compartir informaci\u00f3n en las redes sociales.El administrador utiliza las cookies necesarias. Son las cookies necesarias que aseguran el correcto funcionamiento del sitio web y de las aplicaciones del Administrador. Al hacerlo, el Administrador cumple con todas las medidas prescritas para proteger su privacidad. Procesamos las cookies necesarias (funcionales) incluso sin su consentimiento, ya que esto garantiza el correcto funcionamiento del sitio web.<\/p>\n<h3>\u00bfPara qu\u00e9 sirven las cookies individuales?<\/h3>\n<hr \/>\n<p><strong>Anal\u00edtico<\/strong><br \/>\nEl administrador recopila informaci\u00f3n sobre c\u00f3mo utiliza el sitio web, las aplicaciones y el correo electr\u00f3nico con fines anal\u00edticos. El administrador tomar\u00e1 todas las medidas para proteger su privacidad.<\/p>\n<hr \/>\n<p><strong>Seguimiento<br \/>\n<\/strong>Queremos que el contenido de nuestros sitios web y aplicaciones sea lo m\u00e1s interesante posible para usted. Con este fin, recopilamos informaci\u00f3n sobre sus visitas a nuestros sitios web y aplicaciones que nos permiten comprender sus intereses y preferencias. Luego ajustamos el contenido de nuestros sitios web y aplicaciones en consecuencia.<\/p>\n<hr \/>\n<p><strong>Conversi\u00f3n<\/strong><br \/>\nEn combinaci\u00f3n con las cookies de seguimiento, ayudan a analizar el rendimiento de diferentes canales.<\/p>\n<hr \/>\n<p><strong>M\u00e1rketing<\/strong><br \/>\nNosotros y terceros recopilamos informaci\u00f3n sobre sus visitas a nuestros sitios web y en nuestras aplicaciones, as\u00ed como el uso de correos electr\u00f3nicos, y los usamos para ajustar la comunicaci\u00f3n y la publicidad tanto en el sitio web como en nuestras aplicaciones y correo electr\u00f3nico. Esto tambi\u00e9n se aplica a los anuncios personalizados que colocamos en aplicaciones y sitios web externos.<\/p>","protected":false},"excerpt":{"rendered":"<p>TAURUS TRANS CZ sro, I\u010cO: 5813123, con domicilio social en Doln\u00ed \u00dajezd \u200b\u200b\u200b\u200b648, 569 61 Doln\u00ed \u00dajezd \u200b\u200b\u200b\u200b(en adelante, el \u00abAdministrador\u00bb) utiliza cookies (y tecnolog\u00edas similares) para adaptar mejor su sitio web a los clientes y facilitar su uso.El Administrador y terceros pueden recopilar informaci\u00f3n sobre usted y monitorear su comportamiento de navegaci\u00f3n tanto en [&hellip;]<\/p>\n","protected":false},"author":2,"featured_media":0,"parent":0,"menu_order":0,"comment_status":"closed","ping_status":"closed","template":"","meta":[],"acf":[],"_links":{"self":[{"href":"https:\/\/taurustrans.cz\/es\/wp-json\/wp\/v2\/pages\/320"}],"collection":[{"href":"https:\/\/taurustrans.cz\/es\/wp-json\/wp\/v2\/pages"}],"about":[{"href":"https:\/\/taurustrans.cz\/es\/wp-json\/wp\/v2\/types\/page"}],"author":[{"embeddable":true,"href":"https:\/\/taurustrans.cz\/es\/wp-json\/wp\/v2\/users\/2"}],"replies":[{"embeddable":true,"href":"https:\/\/taurustrans.cz\/es\/wp-json\/wp\/v2\/comments?post=320"}],"version-history":[{"count":10,"href":"https:\/\/taurustrans.cz\/es\/wp-json\/wp\/v2\/pages\/320\/revisions"}],"predecessor-version":[{"id":337,"href":"https:\/\/taurustrans.cz\/es\/wp-json\/wp\/v2\/pages\/320\/revisions\/337"}],"wp:attachment":[{"href":"https:\/\/taurustrans.cz\/es\/wp-json\/wp\/v2\/media?parent=320"}],"curies":[{"name":"wp","href":"https:\/\/api.w.org\/{rel}","templated":true}]}}