{"id":22,"date":"2018-10-10T10:39:04","date_gmt":"2018-10-10T08:39:04","guid":{"rendered":"http:\/\/taurustrans.cz\/?page_id=22"},"modified":"2020-09-25T13:37:14","modified_gmt":"2020-09-25T11:37:14","slug":"sluzby","status":"publish","type":"page","link":"https:\/\/taurustrans.cz\/es\/sluzby\/","title":{"rendered":"Servicios"},"content":{"rendered":"<p class=\"qtranxs-available-languages-message qtranxs-available-languages-message-es\">Disculpa, pero esta entrada est\u00e1 disponible s\u00f3lo en <a href=\"https:\/\/taurustrans.cz\/cs\/wp-json\/wp\/v2\/pages\/22\" class=\"qtranxs-available-language-link qtranxs-available-language-link-cs\" title=\"\u010ce\u0161tina\">Checo<\/a> y <a href=\"https:\/\/taurustrans.cz\/en\/wp-json\/wp\/v2\/pages\/22\" class=\"qtranxs-available-language-link qtranxs-available-language-link-en\" title=\"English\">Ingl\u00e9s Estadounidense<\/a>.<\/p>","protected":false},"excerpt":{"rendered":"<p>Disculpa, pero esta entrada est\u00e1 disponible s\u00f3lo en Checo y Ingl\u00e9s Estadounidense.<\/p>\n","protected":false},"author":1,"featured_media":0,"parent":0,"menu_order":0,"comment_status":"closed","ping_status":"closed","template":"template-sluzby.php","meta":[],"acf":[],"_links":{"self":[{"href":"https:\/\/taurustrans.cz\/es\/wp-json\/wp\/v2\/pages\/22"}],"collection":[{"href":"https:\/\/taurustrans.cz\/es\/wp-json\/wp\/v2\/pages"}],"about":[{"href":"https:\/\/taurustrans.cz\/es\/wp-json\/wp\/v2\/types\/page"}],"author":[{"embeddable":true,"href":"https:\/\/taurustrans.cz\/es\/wp-json\/wp\/v2\/users\/1"}],"replies":[{"embeddable":true,"href":"https:\/\/taurustrans.cz\/es\/wp-json\/wp\/v2\/comments?post=22"}],"version-history":[{"count":29,"href":"https:\/\/taurustrans.cz\/es\/wp-json\/wp\/v2\/pages\/22\/revisions"}],"predecessor-version":[{"id":283,"href":"https:\/\/taurustrans.cz\/es\/wp-json\/wp\/v2\/pages\/22\/revisions\/283"}],"wp:attachment":[{"href":"https:\/\/taurustrans.cz\/es\/wp-json\/wp\/v2\/media?parent=22"}],"curies":[{"name":"wp","href":"https:\/\/api.w.org\/{rel}","templated":true}]}}