{"id":271,"date":"2020-09-25T10:56:43","date_gmt":"2020-09-25T08:56:43","guid":{"rendered":"https:\/\/taurustrans.cz\/?page_id=271"},"modified":"2020-09-25T11:12:14","modified_gmt":"2020-09-25T09:12:14","slug":"ochrana-osobnich-udaju","status":"publish","type":"page","link":"https:\/\/taurustrans.cz\/en\/ochrana-osobnich-udaju\/","title":{"rendered":"(\u010ce\u0161tina) Ochrana osobn\u00edch \u00fadaj\u016f"},"content":{"rendered":"<p class=\"qtranxs-available-languages-message qtranxs-available-languages-message-en\">Sorry, this entry is only available in <a href=\"https:\/\/taurustrans.cz\/cs\/wp-json\/wp\/v2\/pages\/271\" class=\"qtranxs-available-language-link qtranxs-available-language-link-cs\" title=\"\u010ce\u0161tina\">Czech<\/a>.<\/p>","protected":false},"excerpt":{"rendered":"<p>Sorry, this entry is only available in Czech.<\/p>\n","protected":false},"author":2,"featured_media":0,"parent":0,"menu_order":0,"comment_status":"closed","ping_status":"closed","template":"","meta":[],"acf":[],"_links":{"self":[{"href":"https:\/\/taurustrans.cz\/en\/wp-json\/wp\/v2\/pages\/271"}],"collection":[{"href":"https:\/\/taurustrans.cz\/en\/wp-json\/wp\/v2\/pages"}],"about":[{"href":"https:\/\/taurustrans.cz\/en\/wp-json\/wp\/v2\/types\/page"}],"author":[{"embeddable":true,"href":"https:\/\/taurustrans.cz\/en\/wp-json\/wp\/v2\/users\/2"}],"replies":[{"embeddable":true,"href":"https:\/\/taurustrans.cz\/en\/wp-json\/wp\/v2\/comments?post=271"}],"version-history":[{"count":3,"href":"https:\/\/taurustrans.cz\/en\/wp-json\/wp\/v2\/pages\/271\/revisions"}],"predecessor-version":[{"id":275,"href":"https:\/\/taurustrans.cz\/en\/wp-json\/wp\/v2\/pages\/271\/revisions\/275"}],"wp:attachment":[{"href":"https:\/\/taurustrans.cz\/en\/wp-json\/wp\/v2\/media?parent=271"}],"curies":[{"name":"wp","href":"https:\/\/api.w.org\/{rel}","templated":true}]}}